{"id":12354,"date":"2024-11-16T09:25:27","date_gmt":"2024-11-16T08:25:27","guid":{"rendered":"https:\/\/museoimmaginario.net\/immaginario\/?page_id=12354"},"modified":"2024-11-16T09:25:29","modified_gmt":"2024-11-16T08:25:29","slug":"tutti-gli-articoli","status":"publish","type":"page","link":"https:\/\/museoimmaginario.net\/immaginario\/tutti-gli-articoli\/","title":{"rendered":"Tutti gli articoli"},"content":{"rendered":"\n<p>\/<\/p>\n\n\n<div class=\"is-style-boxed wp-block-themeisle-blocks-posts-grid\" id=\"wp-block-themeisle-blocks-posts-grid-9b2fcefe\"><div class=\"is-grid o-posts-grid-columns-3\"><div class=\"o-posts-grid-post-blog o-posts-grid-post-plain\"><div class=\"o-posts-grid-post\"><div class=\"o-posts-grid-post-body is-full\"><span class=\"o-posts-grid-post-category\"><a href=\"https:\/\/museoimmaginario.net\/immaginario\/blog\/category\/eventi\/\">Home Eventi<\/a><\/span><h4 class=\"o-posts-grid-post-title\"><a href=\"https:\/\/museoimmaginario.net\/immaginario\/blog\/2026\/04\/08\/il-segreto-nascosto-sotto-la-veste-le-fate-dai-piedi-doca-nel-folclore-europeo-e-italiano\/\">Il segreto nascosto sotto la veste: le &#8220;Fate dai piedi d&#8217;oca&#8221; nel folclore europeo e italiano<\/a><\/h4><p class=\"o-posts-grid-post-meta\">Posted on <time datetime=\"2026-04-08T16:53:00+02:00\">08\/04\/2026<\/time> by <a href=\"https:\/\/museoimmaginario.net\/immaginario\/blog\/author\/umberto\/\">Umberto Bertolini<\/a><\/p><div class=\"o-posts-grid-post-description\"><p>Il saggio esplora la figura folclorica delle fate dai piedi d&#039;oca, con particolare riferimento alle \u2026<\/p><\/div><\/div><\/div><\/div><div class=\"o-posts-grid-post-blog o-posts-grid-post-plain\"><div class=\"o-posts-grid-post\"><div class=\"o-posts-grid-post-body is-full\"><span class=\"o-posts-grid-post-category\"><a href=\"https:\/\/museoimmaginario.net\/immaginario\/blog\/category\/eventi\/\">Home Eventi<\/a><\/span><h4 class=\"o-posts-grid-post-title\"><a href=\"https:\/\/museoimmaginario.net\/immaginario\/blog\/2026\/04\/04\/memorie-di-pietra-e-identita-territoriale-le-statue-stele-della-lunigiana-nel-museo-del-castello-del-piagnaro\/\">Memorie di pietra e identit\u00e0 territoriale: le statue stele della Lunigiana nel museo del castello del Piagnaro<\/a><\/h4><p class=\"o-posts-grid-post-meta\">Posted on <time datetime=\"2026-04-04T16:16:03+02:00\">04\/04\/2026<\/time> by <a href=\"https:\/\/museoimmaginario.net\/immaginario\/blog\/author\/eufrasio\/\">Eufrasio<\/a><\/p><div class=\"o-posts-grid-post-description\"><p>Il saggio esplora il Museo delle Statue Stele Lunigianesi, situato nel Castello del Piagnaro a Pontr\u2026<\/p><\/div><\/div><\/div><\/div><div class=\"o-posts-grid-post-blog o-posts-grid-post-plain\"><div class=\"o-posts-grid-post\"><div class=\"o-posts-grid-post-body is-full\"><span class=\"o-posts-grid-post-category\"><a href=\"https:\/\/museoimmaginario.net\/immaginario\/blog\/category\/eventi\/\">Home Eventi<\/a><\/span><h4 class=\"o-posts-grid-post-title\"><a href=\"https:\/\/museoimmaginario.net\/immaginario\/blog\/2026\/03\/28\/rivivere-la-pasqua-tra-rito-voce-e-memoria-la-passione-secondo-michele-neri\/\">Rivivere la Pasqua tra rito, voce e memoria: la Passione secondo Michele Neri<\/a><\/h4><p class=\"o-posts-grid-post-meta\">Posted on <time datetime=\"2026-03-28T10:53:56+01:00\">28\/03\/2026<\/time> by <a href=\"https:\/\/museoimmaginario.net\/immaginario\/blog\/author\/eufrasio\/\">Eufrasio<\/a><\/p><div class=\"o-posts-grid-post-description\"><p>L&#x2019;evento La Passione e la morte di Ges&#xF9;, ideato e interpretato da Michele Neri, sar&amp;#xE0\u2026<\/p><\/div><\/div><\/div><\/div><div class=\"o-posts-grid-post-blog o-posts-grid-post-plain\"><div class=\"o-posts-grid-post\"><div class=\"o-posts-grid-post-body is-full\"><span class=\"o-posts-grid-post-category\"><a href=\"https:\/\/museoimmaginario.net\/immaginario\/blog\/category\/eventi\/\">Home Eventi<\/a><\/span><h4 class=\"o-posts-grid-post-title\"><a href=\"https:\/\/museoimmaginario.net\/immaginario\/blog\/2026\/03\/27\/i-piedi-del-diavolo-dal-nostro-archivio\/\">I piedi del diavolo &#8211; Dal nostro archivio &#8211; Dimmi che piedi hai e ti dir\u00f2 chi sei!<\/a><\/h4><p class=\"o-posts-grid-post-meta\">Posted on <time datetime=\"2026-03-27T12:25:02+01:00\">27\/03\/2026<\/time> by <a href=\"https:\/\/museoimmaginario.net\/immaginario\/blog\/author\/eufrasio\/\">Eufrasio<\/a><\/p><div class=\"o-posts-grid-post-description\"><p>Il saggio analizza come piedi, zoccoli e dita &#x201C;mostruose&#x201D; (in particolare il mignolo l\u2026<\/p><\/div><\/div><\/div><\/div><div class=\"o-posts-grid-post-blog o-posts-grid-post-plain\"><div class=\"o-posts-grid-post\"><div class=\"o-posts-grid-post-body is-full\"><span class=\"o-posts-grid-post-category\"><a href=\"https:\/\/museoimmaginario.net\/immaginario\/blog\/category\/eventi\/\">Home Eventi<\/a><\/span><h4 class=\"o-posts-grid-post-title\"><a href=\"https:\/\/museoimmaginario.net\/immaginario\/blog\/2026\/03\/21\/antropologia-del-macabro-in-garfagnana-la-leggenda-dellosteriaccia-e-il-mistero-di-castel-dagnola\/\">Antropologia del Macabro in Garfagnana: La Leggenda dell&#8217;Osteriaccia e il Mistero di Castel D&#8217;Agnola<\/a><\/h4><p class=\"o-posts-grid-post-meta\">Posted on <time datetime=\"2026-03-21T11:21:53+01:00\">21\/03\/2026<\/time> by <a href=\"https:\/\/museoimmaginario.net\/immaginario\/blog\/author\/eufrasio\/\">Eufrasio<\/a><\/p><div class=\"o-posts-grid-post-description\"><p>L&#039;articolo esplora la cupa leggenda dell&#039;Osteriaccia di Castagnola, in Garfagnana, un tempo situata \u2026<\/p><\/div><\/div><\/div><\/div><div class=\"o-posts-grid-post-blog o-posts-grid-post-plain\"><div class=\"o-posts-grid-post\"><div class=\"o-posts-grid-post-body is-full\"><span class=\"o-posts-grid-post-category\"><a href=\"https:\/\/museoimmaginario.net\/immaginario\/blog\/category\/eventi\/\">Home Eventi<\/a><\/span><h4 class=\"o-posts-grid-post-title\"><a href=\"https:\/\/museoimmaginario.net\/immaginario\/blog\/2026\/03\/21\/lattualita-delle-fiabe-continuita-simboliche-tra-tradizione-e-contemporaneita\/\">L\u2019attualit\u00e0 delle fiabe: continuit\u00e0 simboliche tra tradizione e contemporaneit\u00e0<\/a><\/h4><p class=\"o-posts-grid-post-meta\">Posted on <time datetime=\"2026-03-21T10:35:15+01:00\">21\/03\/2026<\/time> by <a href=\"https:\/\/museoimmaginario.net\/immaginario\/blog\/author\/eufrasio\/\">Eufrasio<\/a><\/p><div class=\"o-posts-grid-post-description\"><p>L&#x2019;intervento di Sonia Giusti esplora l&#x2019;attualit&#xE0; delle fiabe interrogandosi su ci\u2026<\/p><\/div><\/div><\/div><\/div><div class=\"o-posts-grid-post-blog o-posts-grid-post-plain\"><div class=\"o-posts-grid-post\"><div class=\"o-posts-grid-post-body is-full\"><span class=\"o-posts-grid-post-category\"><a href=\"https:\/\/museoimmaginario.net\/immaginario\/blog\/category\/eventi\/\">Home Eventi<\/a><\/span><h4 class=\"o-posts-grid-post-title\"><a href=\"https:\/\/museoimmaginario.net\/immaginario\/blog\/2026\/03\/14\/la-scuola-al-centro-famiglia-societa-e-il-futuro-dei-nostri-figli\/\">La scuola al centro: famiglia, societ\u00e0 e il futuro dei nostri figli<\/a><\/h4><p class=\"o-posts-grid-post-meta\">Posted on <time datetime=\"2026-03-14T13:11:51+01:00\">14\/03\/2026<\/time> by <a href=\"https:\/\/museoimmaginario.net\/immaginario\/blog\/author\/eufrasio\/\">Eufrasio<\/a><\/p><div class=\"o-posts-grid-post-description\"><p>L&#039;articolo discute il ruolo cruciale della scuola, in sinergia con famiglie e societ&agrave;, per ed\u2026<\/p><\/div><\/div><\/div><\/div><div class=\"o-posts-grid-post-blog o-posts-grid-post-plain\"><div class=\"o-posts-grid-post\"><div class=\"o-posts-grid-post-body is-full\"><span class=\"o-posts-grid-post-category\"><a href=\"https:\/\/museoimmaginario.net\/immaginario\/blog\/category\/eventi\/\">Home Eventi<\/a><\/span><h4 class=\"o-posts-grid-post-title\"><a href=\"https:\/\/museoimmaginario.net\/immaginario\/blog\/2026\/03\/13\/maria-catlina-tra-storia-e-leggenda-la-masca-delle-valli-cuneesi\/\">Maria Catlina: tra storia e leggenda, la &#8220;masca&#8221; delle Valli Cuneesi<\/a><\/h4><p class=\"o-posts-grid-post-meta\">Posted on <time datetime=\"2026-03-13T17:18:31+01:00\">13\/03\/2026<\/time> by <a href=\"https:\/\/museoimmaginario.net\/immaginario\/blog\/author\/eufrasio\/\">Eufrasio<\/a><\/p><div class=\"o-posts-grid-post-description\"><p>L&#039;articolo esplora la figura di Maria Catlina, una delle pi&ugrave; celebri &quot;masche&quot; della\u2026<\/p><\/div><\/div><\/div><\/div><div class=\"o-posts-grid-post-blog o-posts-grid-post-plain\"><div class=\"o-posts-grid-post\"><div class=\"o-posts-grid-post-body is-full\"><span class=\"o-posts-grid-post-category\"><a href=\"https:\/\/museoimmaginario.net\/immaginario\/blog\/category\/eventi\/\">Home Eventi<\/a><\/span><h4 class=\"o-posts-grid-post-title\"><a href=\"https:\/\/museoimmaginario.net\/immaginario\/blog\/2026\/03\/08\/linvisibile-tra-evoluzione-e-cognizione-pietro-scarduelli-ai-giovedi-al-museo\/\">L\u2019Invisibile tra evoluzione e cognizione: Pietro Scarduelli ai &#8220;Gioved\u00ec al Museo&#8221;<\/a><\/h4><p class=\"o-posts-grid-post-meta\">Posted on <time datetime=\"2026-03-08T11:14:09+01:00\">08\/03\/2026<\/time> by <a href=\"https:\/\/museoimmaginario.net\/immaginario\/blog\/author\/eufrasio\/\">Eufrasio<\/a><\/p><div class=\"o-posts-grid-post-description\"><p>L&rsquo;incontro del ciclo &quot;Gioved&igrave; al Museo&quot; del prossimo 12 marzo approfondir&amp;agr\u2026<\/p><\/div><\/div><\/div><\/div><div class=\"o-posts-grid-post-blog o-posts-grid-post-plain\"><div class=\"o-posts-grid-post\"><div class=\"o-posts-grid-post-body is-full\"><span class=\"o-posts-grid-post-category\"><a href=\"https:\/\/museoimmaginario.net\/immaginario\/blog\/category\/eventi\/\">Home Eventi<\/a><\/span><h4 class=\"o-posts-grid-post-title\"><a href=\"https:\/\/museoimmaginario.net\/immaginario\/blog\/2026\/03\/06\/geografia-del-magico-varianti-e-volti-delle-masche-in-piemonte\/\">Geografia del magico: varianti e volti delle Masche in Piemonte<\/a><\/h4><p class=\"o-posts-grid-post-meta\">Posted on <time datetime=\"2026-03-06T11:40:49+01:00\">06\/03\/2026<\/time> by <a href=\"https:\/\/museoimmaginario.net\/immaginario\/blog\/author\/eufrasio\/\">Eufrasio<\/a><\/p><div class=\"o-posts-grid-post-description\"><p>L&#039;articolo esplora il mosaico regionale delle masche piemontesi, evidenziando come la figura cambi n\u2026<\/p><\/div><\/div><\/div><\/div><div class=\"o-posts-grid-post-blog o-posts-grid-post-plain\"><div class=\"o-posts-grid-post\"><div class=\"o-posts-grid-post-body is-full\"><span class=\"o-posts-grid-post-category\"><a href=\"https:\/\/museoimmaginario.net\/immaginario\/blog\/category\/eventi\/\">Home Eventi<\/a><\/span><h4 class=\"o-posts-grid-post-title\"><a href=\"https:\/\/museoimmaginario.net\/immaginario\/blog\/2026\/03\/02\/persistenze-narrative-il-medioevo-tra-fiaba-e-folclore\/\">Persistenze narrative: il Medioevo tra fiaba e folclore<\/a><\/h4><p class=\"o-posts-grid-post-meta\">Posted on <time datetime=\"2026-03-02T11:36:22+01:00\">02\/03\/2026<\/time> by <a href=\"https:\/\/museoimmaginario.net\/immaginario\/blog\/author\/eufrasio\/\">Eufrasio<\/a><\/p><div class=\"o-posts-grid-post-description\"><p>Il terzo webinar del &quot;Progetto sulla fiaba&quot;, promosso dall&#039;Associazione La Giubba in colla\u2026<\/p><\/div><\/div><\/div><\/div><div class=\"o-posts-grid-post-blog o-posts-grid-post-plain\"><div class=\"o-posts-grid-post\"><div class=\"o-posts-grid-post-body is-full\"><span class=\"o-posts-grid-post-category\"><a href=\"https:\/\/museoimmaginario.net\/immaginario\/blog\/category\/eventi\/\">Home Eventi<\/a><\/span><h4 class=\"o-posts-grid-post-title\"><a href=\"https:\/\/museoimmaginario.net\/immaginario\/blog\/2026\/02\/28\/oltre-la-pietra-architettura-vernacolare-e-identita-di-confine-in-garfagnana\/\">Oltre la pietra: architettura vernacolare e identit\u00e0 di confine in Garfagnana<\/a><\/h4><p class=\"o-posts-grid-post-meta\">Posted on <time datetime=\"2026-02-28T15:46:27+01:00\">28\/02\/2026<\/time> by <a href=\"https:\/\/museoimmaginario.net\/immaginario\/blog\/author\/eufrasio\/\">Eufrasio<\/a><\/p><div class=\"o-posts-grid-post-description\"><p>Il volume presenta gli esiti di una ricerca interdisciplinare (2021-2025) nata dalla collaborazione \u2026<\/p><\/div><\/div><\/div><\/div><\/div> <div class=\"o-posts-grid-pag\"><span aria-current=\"page\" class=\"page-numbers current\">1<\/span>\n<a class=\"page-numbers\" href=\"https:\/\/museoimmaginario.net\/immaginario\/wp-json\/wp\/v2\/pages\/12354\/?paged=2\">2<\/a>\n<a class=\"page-numbers\" href=\"https:\/\/museoimmaginario.net\/immaginario\/wp-json\/wp\/v2\/pages\/12354\/?paged=3\">3<\/a>\n<span class=\"page-numbers dots\">&hellip;<\/span>\n<a class=\"page-numbers\" href=\"https:\/\/museoimmaginario.net\/immaginario\/wp-json\/wp\/v2\/pages\/12354\/?paged=26\">26<\/a>\n<a class=\"next page-numbers\" href=\"https:\/\/museoimmaginario.net\/immaginario\/wp-json\/wp\/v2\/pages\/12354\/?paged=2\">Next<\/a><\/div><\/div>","protected":false},"excerpt":{"rendered":"<p>\/<\/p>\n","protected":false},"author":10,"featured_media":0,"parent":0,"menu_order":0,"comment_status":"closed","ping_status":"closed","template":"","meta":{"ngg_post_thumbnail":0,"_themeisle_gutenberg_block_has_review":false,"h5ap_radio_sources":[],"_tbt_post_transparent":"","_tbt_post_title":"","_tbt_post_layout":"","_tbt_post_sidebar_id":"","_tbt_post_content_style":"","_tbt_post_vertical_padding":"","_tbt_post_feature":"","_tbt_post_feature_position":"","_tbt_post_header":false,"_tbt_post_footer":false},"categories":[],"tags":[],"class_list":["post-12354","page","type-page","status-publish","hentry"],"_links":{"self":[{"href":"https:\/\/museoimmaginario.net\/immaginario\/wp-json\/wp\/v2\/pages\/12354","targetHints":{"allow":["GET"]}}],"collection":[{"href":"https:\/\/museoimmaginario.net\/immaginario\/wp-json\/wp\/v2\/pages"}],"about":[{"href":"https:\/\/museoimmaginario.net\/immaginario\/wp-json\/wp\/v2\/types\/page"}],"author":[{"embeddable":true,"href":"https:\/\/museoimmaginario.net\/immaginario\/wp-json\/wp\/v2\/users\/10"}],"replies":[{"embeddable":true,"href":"https:\/\/museoimmaginario.net\/immaginario\/wp-json\/wp\/v2\/comments?post=12354"}],"version-history":[{"count":0,"href":"https:\/\/museoimmaginario.net\/immaginario\/wp-json\/wp\/v2\/pages\/12354\/revisions"}],"wp:attachment":[{"href":"https:\/\/museoimmaginario.net\/immaginario\/wp-json\/wp\/v2\/media?parent=12354"}],"wp:term":[{"taxonomy":"category","embeddable":true,"href":"https:\/\/museoimmaginario.net\/immaginario\/wp-json\/wp\/v2\/categories?post=12354"},{"taxonomy":"post_tag","embeddable":true,"href":"https:\/\/museoimmaginario.net\/immaginario\/wp-json\/wp\/v2\/tags?post=12354"}],"curies":[{"name":"wp","href":"https:\/\/api.w.org\/{rel}","templated":true}]}}