{"id":11625,"date":"2023-09-04T17:38:52","date_gmt":"2023-09-04T15:38:52","guid":{"rendered":"https:\/\/museoimmaginario.net\/immaginario\/?page_id=11625"},"modified":"2023-10-26T10:14:37","modified_gmt":"2023-10-26T08:14:37","slug":"news","status":"publish","type":"page","link":"https:\/\/museoimmaginario.net\/immaginario\/news\/","title":{"rendered":"News"},"content":{"rendered":"<div class=\"wp-block-themeisle-blocks-posts-grid\" id=\"wp-block-themeisle-blocks-posts-grid-47decac9\"><div class=\"is-grid o-posts-grid-columns-3\"><div class=\"o-posts-grid-post-blog o-posts-grid-post-plain\"><div class=\"o-posts-grid-post\"><div class=\"o-posts-grid-post-body is-full\"><h3 class=\"o-posts-grid-post-title\"><a href=\"https:\/\/museoimmaginario.net\/immaginario\/blog\/2026\/05\/16\/il-canto-del-maggio-drammatico-settantanni-fa-in-garfagnana\/\">Il canto del maggio drammatico settant&#8217;anni fa in Garfagnana<\/a><\/h3><p class=\"o-posts-grid-post-meta\">Posted on <time datetime=\"2026-05-16T11:17:30+02:00\">16\/05\/2026<\/time> by <a href=\"https:\/\/museoimmaginario.net\/immaginario\/blog\/author\/umberto\/\">Umberto Bertolini<\/a><\/p><div class=\"o-posts-grid-post-description\"><p>La tesi di George Fausch (1962), basata su ricerche svolte in Garfagnana tra il 1956 e il 1959, docu\u2026<\/p><\/div><\/div><\/div><\/div><div class=\"o-posts-grid-post-blog o-posts-grid-post-plain\"><div class=\"o-posts-grid-post\"><div class=\"o-posts-grid-post-body is-full\"><h3 class=\"o-posts-grid-post-title\"><a href=\"https:\/\/museoimmaginario.net\/immaginario\/blog\/2026\/05\/09\/russia-e-letteratura-italiana-un-dialogo-lungo-due-secoli\/\">Russia e letteratura italiana: un dialogo lungo due secoli<\/a><\/h3><p class=\"o-posts-grid-post-meta\">Posted on <time datetime=\"2026-05-09T18:15:36+02:00\">09\/05\/2026<\/time> by <a href=\"https:\/\/museoimmaginario.net\/immaginario\/blog\/author\/eufrasio\/\">Eufrasio<\/a><\/p><div class=\"o-posts-grid-post-description\"><p>Il presente articolo ripercorre le principali tappe del rapporto tra la cultura letteraria russa e q\u2026<\/p><\/div><\/div><\/div><\/div><div class=\"o-posts-grid-post-blog o-posts-grid-post-plain\"><div class=\"o-posts-grid-post\"><div class=\"o-posts-grid-post-body is-full\"><h3 class=\"o-posts-grid-post-title\"><a href=\"https:\/\/museoimmaginario.net\/immaginario\/blog\/2026\/05\/06\/le-masche-piemontesi-figura-funzione-e-persistenza-di-un-archetipo-della-stregoneria-alpina\/\">Le Masche Piemontesi: figura, funzione e persistenza di un archetipo della stregoneria alpina<\/a><\/h3><p class=\"o-posts-grid-post-meta\">Posted on <time datetime=\"2026-05-06T17:16:37+02:00\">06\/05\/2026<\/time> by <a href=\"https:\/\/museoimmaginario.net\/immaginario\/blog\/author\/eufrasio\/\">Eufrasio<\/a><\/p><div class=\"o-posts-grid-post-description\"><p>Le masche rappresentano una delle figure pi&ugrave; complesse e stratificate del patrimonio demoiatr\u2026<\/p><\/div><\/div><\/div><\/div><div class=\"o-posts-grid-post-blog o-posts-grid-post-plain\"><div class=\"o-posts-grid-post\"><div class=\"o-posts-grid-post-body is-full\"><h3 class=\"o-posts-grid-post-title\"><a href=\"https:\/\/museoimmaginario.net\/immaginario\/blog\/2026\/05\/02\/comunicazione-aumentativa-e-alternativa-caa\/\">Comunicazione Aumentativa e Alternativa (CAA)<\/a><\/h3><p class=\"o-posts-grid-post-meta\">Posted on <time datetime=\"2026-05-02T12:05:21+02:00\">02\/05\/2026<\/time> by <a href=\"https:\/\/museoimmaginario.net\/immaginario\/blog\/author\/eufrasio\/\">Eufrasio<\/a><\/p><div class=\"o-posts-grid-post-description\"><p>La Comunicazione Aumentativa e Alternativa (CAA) &#xE8; un insieme di strategie, strumenti e tecnolo\u2026<\/p><\/div><\/div><\/div><\/div><div class=\"o-posts-grid-post-blog o-posts-grid-post-plain\"><div class=\"o-posts-grid-post\"><div class=\"o-posts-grid-post-body is-full\"><h3 class=\"o-posts-grid-post-title\"><a href=\"https:\/\/museoimmaginario.net\/immaginario\/blog\/2026\/04\/28\/passi-nel-buio-se-il-fantasma-veste-le-pantofole\/\">Passi nel buio: se il fantasma veste le pantofole<\/a><\/h3><p class=\"o-posts-grid-post-meta\">Posted on <time datetime=\"2026-04-28T16:02:19+02:00\">28\/04\/2026<\/time> by <a href=\"https:\/\/museoimmaginario.net\/immaginario\/blog\/author\/eufrasio\/\">Eufrasio<\/a><\/p><div class=\"o-posts-grid-post-description\"><p>Il presente contributo si propone di analizzare il rapporto tra il suono dei passi strisciati &amp;#x201\u2026<\/p><\/div><\/div><\/div><\/div><div class=\"o-posts-grid-post-blog o-posts-grid-post-plain\"><div class=\"o-posts-grid-post\"><div class=\"o-posts-grid-post-body is-full\"><h3 class=\"o-posts-grid-post-title\"><a href=\"https:\/\/museoimmaginario.net\/immaginario\/blog\/2026\/04\/25\/quando-la-terra-curava\/\">Quando la terra curava<\/a><\/h3><p class=\"o-posts-grid-post-meta\">Posted on <time datetime=\"2026-04-25T10:56:10+02:00\">25\/04\/2026<\/time> by <a href=\"https:\/\/museoimmaginario.net\/immaginario\/blog\/author\/eufrasio\/\">Eufrasio<\/a><\/p><div class=\"o-posts-grid-post-description\"><p>L&#039;articolo presenta il volume Medici e guaritori. Malattia, cura e pratiche popolari in Brianza di V\u2026<\/p><\/div><\/div><\/div><\/div><div class=\"o-posts-grid-post-blog o-posts-grid-post-plain\"><div class=\"o-posts-grid-post\"><div class=\"o-posts-grid-post-body is-full\"><h3 class=\"o-posts-grid-post-title\"><a href=\"https:\/\/museoimmaginario.net\/immaginario\/blog\/2026\/04\/24\/la-gallina-nelle-fiabe-europee\/\">La gallina nelle fiabe europee<\/a><\/h3><p class=\"o-posts-grid-post-meta\">Posted on <time datetime=\"2026-04-24T12:10:40+02:00\">24\/04\/2026<\/time> by <a href=\"https:\/\/museoimmaginario.net\/immaginario\/blog\/author\/eufrasio\/\">Eufrasio<\/a><\/p><div class=\"o-posts-grid-post-description\"><p>Il contributo si propone di esaminare la figura della *gallina * &#x2014; termine diffuso in alcune \u2026<\/p><\/div><\/div><\/div><\/div><div class=\"o-posts-grid-post-blog o-posts-grid-post-plain\"><div class=\"o-posts-grid-post\"><div class=\"o-posts-grid-post-body is-full\"><h3 class=\"o-posts-grid-post-title\"><a href=\"https:\/\/museoimmaginario.net\/immaginario\/blog\/2026\/04\/12\/leredita-degli-ultimi-la-costituzione-italiana-nella-microstoria-de-gli-scomunicati\/\">L\u2019eredit\u00e0 degli ultimi: la Costituzione Italiana nella microstoria de Gli scomunicati<\/a><\/h3><p class=\"o-posts-grid-post-meta\">Posted on <time datetime=\"2026-04-12T10:17:27+02:00\">12\/04\/2026<\/time> by <a href=\"https:\/\/museoimmaginario.net\/immaginario\/blog\/author\/eufrasio\/\">Eufrasio<\/a><\/p><div class=\"o-posts-grid-post-description\"><p>Il saggio presenta l&#039;incontro dedicato al romanzo Gli scomunicati. Nascita della Costituzione di Cor\u2026<\/p><\/div><\/div><\/div><\/div><div class=\"o-posts-grid-post-blog o-posts-grid-post-plain\"><div class=\"o-posts-grid-post\"><div class=\"o-posts-grid-post-body is-full\"><h3 class=\"o-posts-grid-post-title\"><a href=\"https:\/\/museoimmaginario.net\/immaginario\/blog\/2026\/04\/08\/il-segreto-nascosto-sotto-la-veste-le-fate-dai-piedi-doca-nel-folclore-europeo-e-italiano\/\">Il segreto nascosto sotto la veste: le &#8220;Fate dai piedi d&#8217;oca&#8221; nel folclore europeo e italiano<\/a><\/h3><p class=\"o-posts-grid-post-meta\">Posted on <time datetime=\"2026-04-08T16:53:00+02:00\">08\/04\/2026<\/time> by <a href=\"https:\/\/museoimmaginario.net\/immaginario\/blog\/author\/eufrasio\/\">Eufrasio<\/a><\/p><div class=\"o-posts-grid-post-description\"><p>Il saggio esplora la figura folclorica delle fate dai piedi d&#039;oca, con particolare riferimento alle \u2026<\/p><\/div><\/div><\/div><\/div><div class=\"o-posts-grid-post-blog o-posts-grid-post-plain\"><div class=\"o-posts-grid-post\"><div class=\"o-posts-grid-post-body is-full\"><h3 class=\"o-posts-grid-post-title\"><a href=\"https:\/\/museoimmaginario.net\/immaginario\/blog\/2026\/04\/04\/memorie-di-pietra-e-identita-territoriale-le-statue-stele-della-lunigiana-nel-museo-del-castello-del-piagnaro\/\">Memorie di pietra e identit\u00e0 territoriale: le statue stele della Lunigiana nel museo del castello del Piagnaro<\/a><\/h3><p class=\"o-posts-grid-post-meta\">Posted on <time datetime=\"2026-04-04T16:16:03+02:00\">04\/04\/2026<\/time> by <a href=\"https:\/\/museoimmaginario.net\/immaginario\/blog\/author\/eufrasio\/\">Eufrasio<\/a><\/p><div class=\"o-posts-grid-post-description\"><p>Il saggio esplora il Museo delle Statue Stele Lunigianesi, situato nel Castello del Piagnaro a Pontr\u2026<\/p><\/div><\/div><\/div><\/div><div class=\"o-posts-grid-post-blog o-posts-grid-post-plain\"><div class=\"o-posts-grid-post\"><div class=\"o-posts-grid-post-body is-full\"><h3 class=\"o-posts-grid-post-title\"><a href=\"https:\/\/museoimmaginario.net\/immaginario\/blog\/2026\/03\/28\/rivivere-la-pasqua-tra-rito-voce-e-memoria-la-passione-secondo-michele-neri\/\">Rivivere la Pasqua tra rito, voce e memoria: la Passione secondo Michele Neri<\/a><\/h3><p class=\"o-posts-grid-post-meta\">Posted on <time datetime=\"2026-03-28T10:53:56+01:00\">28\/03\/2026<\/time> by <a href=\"https:\/\/museoimmaginario.net\/immaginario\/blog\/author\/eufrasio\/\">Eufrasio<\/a><\/p><div class=\"o-posts-grid-post-description\"><p>L&#x2019;evento La Passione e la morte di Ges&#xF9;, ideato e interpretato da Michele Neri, sar&amp;#xE0\u2026<\/p><\/div><\/div><\/div><\/div><div class=\"o-posts-grid-post-blog o-posts-grid-post-plain\"><div class=\"o-posts-grid-post\"><div class=\"o-posts-grid-post-body is-full\"><h3 class=\"o-posts-grid-post-title\"><a href=\"https:\/\/museoimmaginario.net\/immaginario\/blog\/2026\/03\/27\/i-piedi-del-diavolo-dal-nostro-archivio\/\">I piedi del diavolo &#8211; Dal nostro archivio &#8211; Dimmi che piedi hai e ti dir\u00f2 chi sei!<\/a><\/h3><p class=\"o-posts-grid-post-meta\">Posted on <time datetime=\"2026-03-27T12:25:02+01:00\">27\/03\/2026<\/time> by <a href=\"https:\/\/museoimmaginario.net\/immaginario\/blog\/author\/eufrasio\/\">Eufrasio<\/a><\/p><div class=\"o-posts-grid-post-description\"><p>Il saggio analizza come piedi, zoccoli e dita &#x201C;mostruose&#x201D; (in particolare il mignolo l\u2026<\/p><\/div><\/div><\/div><\/div><div class=\"o-posts-grid-post-blog o-posts-grid-post-plain\"><div class=\"o-posts-grid-post\"><div class=\"o-posts-grid-post-body is-full\"><h3 class=\"o-posts-grid-post-title\"><a href=\"https:\/\/museoimmaginario.net\/immaginario\/blog\/2026\/03\/21\/antropologia-del-macabro-in-garfagnana-la-leggenda-dellosteriaccia-e-il-mistero-di-castel-dagnola\/\">Antropologia del Macabro in Garfagnana: La Leggenda dell&#8217;Osteriaccia e il Mistero di Castel D&#8217;Agnola<\/a><\/h3><p class=\"o-posts-grid-post-meta\">Posted on <time datetime=\"2026-03-21T11:21:53+01:00\">21\/03\/2026<\/time> by <a href=\"https:\/\/museoimmaginario.net\/immaginario\/blog\/author\/eufrasio\/\">Eufrasio<\/a><\/p><div class=\"o-posts-grid-post-description\"><p>L&#039;articolo esplora la cupa leggenda dell&#039;Osteriaccia di Castagnola, in Garfagnana, un tempo situata \u2026<\/p><\/div><\/div><\/div><\/div><div class=\"o-posts-grid-post-blog o-posts-grid-post-plain\"><div class=\"o-posts-grid-post\"><div class=\"o-posts-grid-post-body is-full\"><h3 class=\"o-posts-grid-post-title\"><a href=\"https:\/\/museoimmaginario.net\/immaginario\/blog\/2026\/03\/21\/lattualita-delle-fiabe-continuita-simboliche-tra-tradizione-e-contemporaneita\/\">L\u2019attualit\u00e0 delle fiabe: continuit\u00e0 simboliche tra tradizione e contemporaneit\u00e0<\/a><\/h3><p class=\"o-posts-grid-post-meta\">Posted on <time datetime=\"2026-03-21T10:35:15+01:00\">21\/03\/2026<\/time> by <a href=\"https:\/\/museoimmaginario.net\/immaginario\/blog\/author\/eufrasio\/\">Eufrasio<\/a><\/p><div class=\"o-posts-grid-post-description\"><p>L&#x2019;intervento di Sonia Giusti esplora l&#x2019;attualit&#xE0; delle fiabe interrogandosi su ci\u2026<\/p><\/div><\/div><\/div><\/div><div class=\"o-posts-grid-post-blog o-posts-grid-post-plain\"><div class=\"o-posts-grid-post\"><div class=\"o-posts-grid-post-body is-full\"><h3 class=\"o-posts-grid-post-title\"><a href=\"https:\/\/museoimmaginario.net\/immaginario\/blog\/2026\/03\/14\/la-scuola-al-centro-famiglia-societa-e-il-futuro-dei-nostri-figli\/\">La scuola al centro: famiglia, societ\u00e0 e il futuro dei nostri figli<\/a><\/h3><p class=\"o-posts-grid-post-meta\">Posted on <time datetime=\"2026-03-14T13:11:51+01:00\">14\/03\/2026<\/time> by <a href=\"https:\/\/museoimmaginario.net\/immaginario\/blog\/author\/eufrasio\/\">Eufrasio<\/a><\/p><div class=\"o-posts-grid-post-description\"><p>L&#039;articolo discute il ruolo cruciale della scuola, in sinergia con famiglie e societ&agrave;, per ed\u2026<\/p><\/div><\/div><\/div><\/div><\/div> <\/div>\n\n\n<p><\/p>\n","protected":false},"excerpt":{"rendered":"","protected":false},"author":7,"featured_media":0,"parent":0,"menu_order":0,"comment_status":"closed","ping_status":"closed","template":"","meta":{"ngg_post_thumbnail":0,"_themeisle_gutenberg_block_has_review":false,"h5ap_radio_sources":[],"_tbt_post_transparent":"","_tbt_post_title":"","_tbt_post_layout":"","_tbt_post_sidebar_id":"","_tbt_post_content_style":"","_tbt_post_vertical_padding":"","_tbt_post_feature":"","_tbt_post_feature_position":"","_tbt_post_header":false,"_tbt_post_footer":false},"categories":[],"tags":[],"class_list":["post-11625","page","type-page","status-publish","hentry"],"_links":{"self":[{"href":"https:\/\/museoimmaginario.net\/immaginario\/wp-json\/wp\/v2\/pages\/11625","targetHints":{"allow":["GET"]}}],"collection":[{"href":"https:\/\/museoimmaginario.net\/immaginario\/wp-json\/wp\/v2\/pages"}],"about":[{"href":"https:\/\/museoimmaginario.net\/immaginario\/wp-json\/wp\/v2\/types\/page"}],"author":[{"embeddable":true,"href":"https:\/\/museoimmaginario.net\/immaginario\/wp-json\/wp\/v2\/users\/7"}],"replies":[{"embeddable":true,"href":"https:\/\/museoimmaginario.net\/immaginario\/wp-json\/wp\/v2\/comments?post=11625"}],"version-history":[{"count":0,"href":"https:\/\/museoimmaginario.net\/immaginario\/wp-json\/wp\/v2\/pages\/11625\/revisions"}],"wp:attachment":[{"href":"https:\/\/museoimmaginario.net\/immaginario\/wp-json\/wp\/v2\/media?parent=11625"}],"wp:term":[{"taxonomy":"category","embeddable":true,"href":"https:\/\/museoimmaginario.net\/immaginario\/wp-json\/wp\/v2\/categories?post=11625"},{"taxonomy":"post_tag","embeddable":true,"href":"https:\/\/museoimmaginario.net\/immaginario\/wp-json\/wp\/v2\/tags?post=11625"}],"curies":[{"name":"wp","href":"https:\/\/api.w.org\/{rel}","templated":true}]}}